{"id":13,"date":"2019-11-14T06:48:54","date_gmt":"2019-11-14T06:48:54","guid":{"rendered":"https:\/\/sktperfectdemo.com\/themepack\/water\/?page_id=13"},"modified":"2024-01-04T10:24:26","modified_gmt":"2024-01-04T10:24:26","slug":"about-us","status":"publish","type":"page","link":"https:\/\/staging.die-shk-meister.de\/?page_id=13","title":{"rendered":"\u00dcber uns"},"content":{"rendered":"\t\t<div data-elementor-type=\"wp-page\" data-elementor-id=\"13\" class=\"elementor elementor-13\">\n\t\t\t\t\t\t<section class=\"elementor-section elementor-top-section elementor-element elementor-element-89fcf4a elementor-section-boxed elementor-section-height-default elementor-section-height-default\" data-id=\"89fcf4a\" data-element_type=\"section\" data-e-type=\"section\" data-settings=\"{&quot;background_background&quot;:&quot;classic&quot;}\">\n\t\t\t\t\t\t<div class=\"elementor-container elementor-column-gap-default\">\n\t\t\t\t\t<div class=\"elementor-column elementor-col-50 elementor-top-column elementor-element elementor-element-13a07b7d animated-slow elementor-invisible\" data-id=\"13a07b7d\" data-element_type=\"column\" data-e-type=\"column\" data-settings=\"{&quot;animation&quot;:&quot;fadeInLeft&quot;}\">\n\t\t\t<div class=\"elementor-widget-wrap elementor-element-populated\">\n\t\t\t\t\t\t<section class=\"elementor-section elementor-inner-section elementor-element elementor-element-4283c937 elementor-section-boxed elementor-section-height-default elementor-section-height-default\" data-id=\"4283c937\" data-element_type=\"section\" data-e-type=\"section\">\n\t\t\t\t\t\t<div class=\"elementor-container elementor-column-gap-no\">\n\t\t\t\t\t<div class=\"elementor-column elementor-col-50 elementor-inner-column elementor-element elementor-element-7d5de7bb\" data-id=\"7d5de7bb\" data-element_type=\"column\" data-e-type=\"column\">\n\t\t\t<div class=\"elementor-widget-wrap elementor-element-populated\">\n\t\t\t\t\t\t<div class=\"elementor-element elementor-element-4d55d24e elementor-widget elementor-widget-heading\" data-id=\"4d55d24e\" data-element_type=\"widget\" data-e-type=\"widget\" data-widget_type=\"heading.default\">\n\t\t\t\t<div class=\"elementor-widget-container\">\n\t\t\t\t\t<h2 class=\"elementor-heading-title elementor-size-default\">Ihr<\/h2>\t\t\t\t<\/div>\n\t\t\t\t<\/div>\n\t\t\t\t\t<\/div>\n\t\t<\/div>\n\t\t\t\t<div class=\"elementor-column elementor-col-50 elementor-inner-column elementor-element elementor-element-4512147e\" data-id=\"4512147e\" data-element_type=\"column\" data-e-type=\"column\">\n\t\t\t<div class=\"elementor-widget-wrap elementor-element-populated\">\n\t\t\t\t\t\t<div class=\"elementor-element elementor-element-71a90012 elementor-widget elementor-widget-heading\" data-id=\"71a90012\" data-element_type=\"widget\" data-e-type=\"widget\" data-widget_type=\"heading.default\">\n\t\t\t\t<div class=\"elementor-widget-container\">\n\t\t\t\t\t<h2 class=\"elementor-heading-title elementor-size-default\">Meisterbetrieb<\/h2>\t\t\t\t<\/div>\n\t\t\t\t<\/div>\n\t\t\t\t<div class=\"elementor-element elementor-element-7a9046d2 elementor-widget elementor-widget-heading\" data-id=\"7a9046d2\" data-element_type=\"widget\" data-e-type=\"widget\" data-widget_type=\"heading.default\">\n\t\t\t\t<div class=\"elementor-widget-container\">\n\t\t\t\t\t<h3 class=\"elementor-heading-title elementor-size-default\">f\u00fcr innovative Heizungs- und Sanit\u00e4rl\u00f6sungen<\/h3>\t\t\t\t<\/div>\n\t\t\t\t<\/div>\n\t\t\t\t\t<\/div>\n\t\t<\/div>\n\t\t\t\t\t<\/div>\n\t\t<\/section>\n\t\t\t\t<section class=\"elementor-section elementor-inner-section elementor-element elementor-element-24a8f307 elementor-section-boxed elementor-section-height-default elementor-section-height-default\" data-id=\"24a8f307\" data-element_type=\"section\" data-e-type=\"section\">\n\t\t\t\t\t\t<div class=\"elementor-container elementor-column-gap-default\">\n\t\t\t\t\t<div class=\"elementor-column elementor-col-100 elementor-inner-column elementor-element elementor-element-3bd77b9c\" data-id=\"3bd77b9c\" data-element_type=\"column\" data-e-type=\"column\">\n\t\t\t<div class=\"elementor-widget-wrap elementor-element-populated\">\n\t\t\t\t\t\t<div class=\"elementor-element elementor-element-1a6786c0 elementor-widget elementor-widget-text-editor\" data-id=\"1a6786c0\" data-element_type=\"widget\" data-e-type=\"widget\" data-widget_type=\"text-editor.default\">\n\t\t\t\t<div class=\"elementor-widget-container\">\n\t\t\t\t\t\t\t\t\t<p>Im Herzen unseres Betriebs bei Hellwig &amp; Schmidt stehen die Gr\u00fcnder mit ihrer Meisterqualifikation in der Anlagenmechanik f\u00fcr Sanit\u00e4r-, Heizungs- und Klimatechnik. Diese fundierte Expertise bildet das R\u00fcckgrat unseres Unternehmens und gew\u00e4hrleistet, dass wir h\u00f6chste Standards in der Qualit\u00e4t unserer Arbeit und der Sicherheit aller Projekte erf\u00fcllen.<\/p><p>Unsere Fachkenntnisse werden durch die sorgf\u00e4ltige Einhaltung relevanter Vorschriften und Normen verst\u00e4rkt, insbesondere bei der Arbeit an Gas-, \u00d6l- und K\u00e4lteanlagen. Die Anerkennung als Konzessionstr\u00e4ger bei f\u00fchrenden regionalen Energie- und Wasserversorgern zeugt von unserem hohen Verantwortungsbewusstsein und unserer Zuverl\u00e4ssigkeit.<\/p><p>St\u00e4ndige Weiterbildung und die Entwicklung unserer F\u00e4higkeiten sind f\u00fcr uns ebenso wichtig wie f\u00fcr unsere Mitarbeiter. Dadurch stellen wir sicher, dass unser Team stets mit den neuesten Technologien und Methoden vertraut ist und Ihnen fortschrittliche, effiziente L\u00f6sungen bietet.<\/p><p>Vertrauen Sie auf Hellwig &amp; Schmidt, wo Tradition auf moderne Technik trifft. Wir freuen uns darauf, unsere Fachkompetenz in Ihren Dienst zu stellen und gemeinsam mit Ihnen zukunftsweisende Projekte zu realisieren.<\/p>\t\t\t\t\t\t\t\t<\/div>\n\t\t\t\t<\/div>\n\t\t\t\t\t<\/div>\n\t\t<\/div>\n\t\t\t\t\t<\/div>\n\t\t<\/section>\n\t\t\t\t\t<\/div>\n\t\t<\/div>\n\t\t\t\t<div class=\"elementor-column elementor-col-50 elementor-top-column elementor-element elementor-element-450b5a35 animated-slow elementor-invisible\" data-id=\"450b5a35\" data-element_type=\"column\" data-e-type=\"column\" data-settings=\"{&quot;animation&quot;:&quot;fadeInRight&quot;}\">\n\t\t\t<div class=\"elementor-widget-wrap elementor-element-populated\">\n\t\t\t\t\t\t<section class=\"elementor-section elementor-inner-section elementor-element elementor-element-38e176a5 elementor-section-boxed elementor-section-height-default elementor-section-height-default\" data-id=\"38e176a5\" data-element_type=\"section\" data-e-type=\"section\">\n\t\t\t\t\t\t<div class=\"elementor-container elementor-column-gap-default\">\n\t\t\t\t\t<div class=\"elementor-column elementor-col-100 elementor-inner-column elementor-element elementor-element-4655215e\" data-id=\"4655215e\" data-element_type=\"column\" data-e-type=\"column\">\n\t\t\t<div class=\"elementor-widget-wrap elementor-element-populated\">\n\t\t\t\t\t\t<div class=\"elementor-element elementor-element-5775cf9 elementor-widget elementor-widget-image\" data-id=\"5775cf9\" data-element_type=\"widget\" data-e-type=\"widget\" data-widget_type=\"image.default\">\n\t\t\t\t<div class=\"elementor-widget-container\">\n\t\t\t\t\t\t\t\t\t\t\t\t\t\t\t<img decoding=\"async\" src=\"https:\/\/staging.die-shk-meister.de\/wp-content\/uploads\/elementor\/thumbs\/hellwig-logo-qhh35hwum1mhwnx3ifjm6dwrwaw4vr9q41ceji1n7i.png\" title=\"hellwig-logo\" alt=\"hellwig-logo\" loading=\"lazy\" \/>\t\t\t\t\t\t\t\t\t\t\t\t\t\t\t<\/div>\n\t\t\t\t<\/div>\n\t\t\t\t<div class=\"elementor-element elementor-element-40d2033 elementor-widget elementor-widget-spacer\" data-id=\"40d2033\" data-element_type=\"widget\" data-e-type=\"widget\" data-widget_type=\"spacer.default\">\n\t\t\t\t<div class=\"elementor-widget-container\">\n\t\t\t\t\t\t\t<div class=\"elementor-spacer\">\n\t\t\t<div class=\"elementor-spacer-inner\"><\/div>\n\t\t<\/div>\n\t\t\t\t\t\t<\/div>\n\t\t\t\t<\/div>\n\t\t\t\t<div class=\"elementor-element elementor-element-efafc11 elementor-vertical-align-middle elementor-widget elementor-widget-image-box\" data-id=\"efafc11\" data-element_type=\"widget\" data-e-type=\"widget\" data-widget_type=\"image-box.default\">\n\t\t\t\t<div class=\"elementor-widget-container\">\n\t\t\t\t\t<div class=\"elementor-image-box-wrapper\"><div class=\"elementor-image-box-content\"><h3 class=\"elementor-image-box-title\">Zertifiziert<\/h3><p class=\"elementor-image-box-description\">\nli.cert {\nbackground-image: url('https:\/\/staging.die-shk-meister.de\/wp-content\/uploads\/2019\/11\/experience-icon1.png');\nbackground-repeat: no-repeat;\nbackground-position: left center;\nbackground-size: 20px;\npadding: 0px 0px 0px 40px;\nmargin-top: 20px;\n}\n\n\n<div style=\"margin-left: 10px\">\n<li class=\"cert\">Langj\u00e4hrige Erfahrung und fundierte Expertise<\/li>\n\n<li class=\"cert\">Individuelle Kundenberatung und -betreuung<\/li>\n\n<li class=\"cert\">Engagiert in kontinuierlicher Weiterbildung<\/li>\n<\/div><\/p><\/div><\/div>\t\t\t\t<\/div>\n\t\t\t\t<\/div>\n\t\t\t\t\t<\/div>\n\t\t<\/div>\n\t\t\t\t\t<\/div>\n\t\t<\/section>\n\t\t\t\t<div class=\"elementor-element elementor-element-d164e75 elementor-align-center elementor-widget elementor-widget-button\" data-id=\"d164e75\" data-element_type=\"widget\" data-e-type=\"widget\" data-widget_type=\"button.default\">\n\t\t\t\t<div class=\"elementor-widget-container\">\n\t\t\t\t\t\t\t\t\t<div class=\"elementor-button-wrapper\">\n\t\t\t\t\t<a class=\"elementor-button elementor-button-link elementor-size-lg\" href=\"tel:+4937236580640\">\n\t\t\t\t\t\t<span class=\"elementor-button-content-wrapper\">\n\t\t\t\t\t\t\t\t\t<span class=\"elementor-button-text\"><i class=\"fa fa-phone\" aria-hidden=\"true\"> <\/i> Rufen Sie uns einfach an<\/span>\n\t\t\t\t\t<\/span>\n\t\t\t\t\t<\/a>\n\t\t\t\t<\/div>\n\t\t\t\t\t\t\t\t<\/div>\n\t\t\t\t<\/div>\n\t\t\t\t\t<\/div>\n\t\t<\/div>\n\t\t\t\t\t<\/div>\n\t\t<\/section>\n\t\t\t\t<\/div>\n\t\t","protected":false},"excerpt":{"rendered":"<p>Ihr Meisterbetrieb f\u00fcr innovative Heizungs- und Sanit\u00e4rl\u00f6sungen Im Herzen unseres Betriebs bei Hellwig &amp; Schmidt stehen die Gr\u00fcnder mit ihrer Meisterqualifikation in der Anlagenmechanik f\u00fcr Sanit\u00e4r-, Heizungs- und Klimatechnik. Diese fundierte Expertise bildet das R\u00fcckgrat unseres Unternehmens und gew\u00e4hrleistet, dass wir h\u00f6chste Standards in der Qualit\u00e4t unserer Arbeit und der Sicherheit aller Projekte erf\u00fcllen. Unsere<br \/><a class=\"moretag\" href=\"https:\/\/staging.die-shk-meister.de\/?page_id=13\">+ Read More<\/a><\/p>\n","protected":false},"author":1,"featured_media":0,"parent":0,"menu_order":0,"comment_status":"closed","ping_status":"closed","template":"templates\/elementor.php","meta":{"footnotes":""},"class_list":["post-13","page","type-page","status-publish","hentry"],"_links":{"self":[{"href":"https:\/\/staging.die-shk-meister.de\/index.php?rest_route=\/wp\/v2\/pages\/13","targetHints":{"allow":["GET"]}}],"collection":[{"href":"https:\/\/staging.die-shk-meister.de\/index.php?rest_route=\/wp\/v2\/pages"}],"about":[{"href":"https:\/\/staging.die-shk-meister.de\/index.php?rest_route=\/wp\/v2\/types\/page"}],"author":[{"embeddable":true,"href":"https:\/\/staging.die-shk-meister.de\/index.php?rest_route=\/wp\/v2\/users\/1"}],"replies":[{"embeddable":true,"href":"https:\/\/staging.die-shk-meister.de\/index.php?rest_route=%2Fwp%2Fv2%2Fcomments&post=13"}],"version-history":[{"count":31,"href":"https:\/\/staging.die-shk-meister.de\/index.php?rest_route=\/wp\/v2\/pages\/13\/revisions"}],"predecessor-version":[{"id":654,"href":"https:\/\/staging.die-shk-meister.de\/index.php?rest_route=\/wp\/v2\/pages\/13\/revisions\/654"}],"wp:attachment":[{"href":"https:\/\/staging.die-shk-meister.de\/index.php?rest_route=%2Fwp%2Fv2%2Fmedia&parent=13"}],"curies":[{"name":"wp","href":"https:\/\/api.w.org\/{rel}","templated":true}]}}